{"id":3271,"date":"2023-12-14T12:17:16","date_gmt":"2023-12-14T12:17:16","guid":{"rendered":"https:\/\/websprintersdemo.in\/blogs\/?page_id=3271"},"modified":"2024-01-19T07:48:04","modified_gmt":"2024-01-19T07:48:04","slug":"arrangements-of-love","status":"publish","type":"page","link":"https:\/\/websprintersdemo.in\/blogs\/arrangements-of-love\/","title":{"rendered":"Arrangements Of Love"},"content":{"rendered":"\t\t<div data-elementor-type=\"wp-page\" data-elementor-id=\"3271\" class=\"elementor elementor-3271\">\n\t\t\t\t\t\t<section class=\"elementor-section elementor-top-section elementor-element elementor-element-dc31c31 elementor-section-boxed elementor-section-height-default elementor-section-height-default\" data-id=\"dc31c31\" data-element_type=\"section\" data-e-type=\"section\">\n\t\t\t\t\t\t<div class=\"elementor-container elementor-column-gap-default\">\n\t\t\t\t\t<div class=\"elementor-column elementor-col-100 elementor-top-column elementor-element elementor-element-b72832f\" data-id=\"b72832f\" data-element_type=\"column\" data-e-type=\"column\">\n\t\t\t<div class=\"elementor-widget-wrap elementor-element-populated\">\n\t\t\t\t\t\t<div class=\"elementor-element elementor-element-0619ead elementor-widget elementor-widget-heading\" data-id=\"0619ead\" data-element_type=\"widget\" data-e-type=\"widget\" data-widget_type=\"heading.default\">\n\t\t\t\t<div class=\"elementor-widget-container\">\n\t\t\t\t\t<h3 class=\"elementor-heading-title elementor-size-default\">THE ARRANGEMENTS OF LOVE    2004<\/h3>\t\t\t\t<\/div>\n\t\t\t\t<\/div>\n\t\t\t\t\t<\/div>\n\t\t<\/div>\n\t\t\t\t\t<\/div>\n\t\t<\/section>\n\t\t\t\t<section class=\"elementor-section elementor-top-section elementor-element elementor-element-dcbf059 elementor-section-boxed elementor-section-height-default elementor-section-height-default\" data-id=\"dcbf059\" data-element_type=\"section\" data-e-type=\"section\">\n\t\t\t\t\t\t<div class=\"elementor-container elementor-column-gap-default\">\n\t\t\t\t\t<div class=\"elementor-column elementor-col-100 elementor-top-column elementor-element elementor-element-75e6b97\" data-id=\"75e6b97\" data-element_type=\"column\" data-e-type=\"column\">\n\t\t\t<div class=\"elementor-widget-wrap elementor-element-populated\">\n\t\t\t\t\t\t<div class=\"elementor-element elementor-element-bf59d42 elementor-widget elementor-widget-text-editor\" data-id=\"bf59d42\" data-element_type=\"widget\" data-e-type=\"widget\" data-widget_type=\"text-editor.default\">\n\t\t\t\t<div class=\"elementor-widget-container\">\n\t\t\t\t\t\t\t\t\t<p><strong>(Penguin India, Mercure de France, France)<\/strong><\/p>\t\t\t\t\t\t\t\t<\/div>\n\t\t\t\t<\/div>\n\t\t\t\t\t<\/div>\n\t\t<\/div>\n\t\t\t\t\t<\/div>\n\t\t<\/section>\n\t\t\t\t<section class=\"elementor-section elementor-top-section elementor-element elementor-element-2202cbb elementor-section-boxed elementor-section-height-default elementor-section-height-default\" data-id=\"2202cbb\" data-element_type=\"section\" data-e-type=\"section\">\n\t\t\t\t\t\t<div class=\"elementor-container elementor-column-gap-default\">\n\t\t\t\t\t<div class=\"elementor-column elementor-col-100 elementor-top-column elementor-element elementor-element-57ab1e2\" data-id=\"57ab1e2\" data-element_type=\"column\" data-e-type=\"column\">\n\t\t\t<div class=\"elementor-widget-wrap elementor-element-populated\">\n\t\t\t\t\t\t<div class=\"elementor-element elementor-element-3b4a769 elementor-widget elementor-widget-spacer\" data-id=\"3b4a769\" data-element_type=\"widget\" data-e-type=\"widget\" data-widget_type=\"spacer.default\">\n\t\t\t\t<div class=\"elementor-widget-container\">\n\t\t\t\t\t\t\t<div class=\"elementor-spacer\">\n\t\t\t<div class=\"elementor-spacer-inner\"><\/div>\n\t\t<\/div>\n\t\t\t\t\t\t<\/div>\n\t\t\t\t<\/div>\n\t\t\t\t\t<\/div>\n\t\t<\/div>\n\t\t\t\t\t<\/div>\n\t\t<\/section>\n\t\t\t\t<section class=\"elementor-section elementor-top-section elementor-element elementor-element-02cedd5 elementor-section-boxed elementor-section-height-default elementor-section-height-default elementor-invisible\" data-id=\"02cedd5\" data-element_type=\"section\" data-e-type=\"section\" data-settings=\"{&quot;animation&quot;:&quot;fadeIn&quot;}\">\n\t\t\t\t\t\t<div class=\"elementor-container elementor-column-gap-default\">\n\t\t\t\t\t<div class=\"elementor-column elementor-col-66 elementor-top-column elementor-element elementor-element-534ad98\" data-id=\"534ad98\" data-element_type=\"column\" data-e-type=\"column\">\n\t\t\t<div class=\"elementor-widget-wrap elementor-element-populated\">\n\t\t\t\t\t\t<div class=\"elementor-element elementor-element-ef5ec57 elementor-widget elementor-widget-text-editor\" data-id=\"ef5ec57\" data-element_type=\"widget\" data-e-type=\"widget\" data-widget_type=\"text-editor.default\">\n\t\t\t\t<div class=\"elementor-widget-container\">\n\t\t\t\t\t\t\t\t\t<p>Set like a medieval tapestry, this fantastic novel offers a rich petit point set with animals, people, trees, the sea, prodigal sons and warring parents, passionate romances and gothic fortresses. It begins with the return of Nikhil Figgis, a young theatre director from New York, to Chennai. Within minutes of his arrival, a taxi driver makes off with his suitcase that contains a precious copy of the book, <em>Georgetown<\/em>, which he wishes to adapt into a play.<\/p><p>We then meet Apu, who runs a detective agency. Nikhil hires her to locate S.K. Naidu\u2014who turns out to be a cross between Salinger and Miss Havisham, lives in a fortress-like house and entertains no visitors. He is also Nikhil\u2019s long-lost father and the author of <em>Georgetown<\/em>.<\/p><p>Delicately, Murari weaves Apu, her family and Nikhil\u2019s estranged American wife, Renee, into the plot. Human relationships and a comic under plot that involves a crocodile in Nikhil\u2019s bathtub intertwine like a tangle of bright skeins. The crocodile wraps itself around Nikhil\u2019s heart and when, at the end, he releases it into a river, both their Homeric journeys come to a dramatic close. In terms of sheer audacity and the liberties he takes with his tale, few can match Murari\u2019s arrangements of love. OUTLOOK Magazine.<\/p>\t\t\t\t\t\t\t\t<\/div>\n\t\t\t\t<\/div>\n\t\t\t\t\t<\/div>\n\t\t<\/div>\n\t\t\t\t<div class=\"elementor-column elementor-col-33 elementor-top-column elementor-element elementor-element-ffbc2c8\" data-id=\"ffbc2c8\" data-element_type=\"column\" data-e-type=\"column\">\n\t\t\t<div class=\"elementor-widget-wrap elementor-element-populated\">\n\t\t\t\t\t\t<div class=\"elementor-element elementor-element-2a33a51 elementor-widget elementor-widget-spacer\" data-id=\"2a33a51\" data-element_type=\"widget\" data-e-type=\"widget\" data-widget_type=\"spacer.default\">\n\t\t\t\t<div class=\"elementor-widget-container\">\n\t\t\t\t\t\t\t<div class=\"elementor-spacer\">\n\t\t\t<div class=\"elementor-spacer-inner\"><\/div>\n\t\t<\/div>\n\t\t\t\t\t\t<\/div>\n\t\t\t\t<\/div>\n\t\t\t\t<div class=\"elementor-element elementor-element-1565ce0 elementor-widget elementor-widget-image\" data-id=\"1565ce0\" data-element_type=\"widget\" data-e-type=\"widget\" data-widget_type=\"image.default\">\n\t\t\t\t<div class=\"elementor-widget-container\">\n\t\t\t\t\t\t\t\t\t\t\t\t\t\t\t<img fetchpriority=\"high\" decoding=\"async\" width=\"450\" height=\"600\" src=\"https:\/\/websprintersdemo.in\/blogs\/wp-content\/uploads\/2023\/12\/arrangements-of-love.jpg\" class=\"attachment-large size-large wp-image-3903\" alt=\"\" srcset=\"https:\/\/websprintersdemo.in\/blogs\/wp-content\/uploads\/2023\/12\/arrangements-of-love.jpg 450w, https:\/\/websprintersdemo.in\/blogs\/wp-content\/uploads\/2023\/12\/arrangements-of-love-225x300.jpg 225w\" sizes=\"(max-width: 450px) 100vw, 450px\" \/>\t\t\t\t\t\t\t\t\t\t\t\t\t\t\t<\/div>\n\t\t\t\t<\/div>\n\t\t\t\t<div class=\"elementor-element elementor-element-0de12cd elementor-widget elementor-widget-text-editor\" data-id=\"0de12cd\" data-element_type=\"widget\" data-e-type=\"widget\" data-widget_type=\"text-editor.default\">\n\t\t\t\t<div class=\"elementor-widget-container\">\n\t\t\t\t\t\t\t\t\t<p>Nicky arrives in India to search for his long-lost father and hires a woman private detective to find him<\/p>\t\t\t\t\t\t\t\t<\/div>\n\t\t\t\t<\/div>\n\t\t\t\t\t<\/div>\n\t\t<\/div>\n\t\t\t\t\t<\/div>\n\t\t<\/section>\n\t\t\t\t<section class=\"elementor-section elementor-top-section elementor-element elementor-element-6f1ed13 elementor-section-boxed elementor-section-height-default elementor-section-height-default\" data-id=\"6f1ed13\" data-element_type=\"section\" data-e-type=\"section\">\n\t\t\t\t\t\t<div class=\"elementor-container elementor-column-gap-default\">\n\t\t\t\t\t<div class=\"elementor-column elementor-col-100 elementor-top-column elementor-element elementor-element-92ab4ec\" data-id=\"92ab4ec\" data-element_type=\"column\" data-e-type=\"column\">\n\t\t\t<div class=\"elementor-widget-wrap elementor-element-populated\">\n\t\t\t\t\t\t<div class=\"elementor-element elementor-element-67bd949 elementor-widget elementor-widget-spacer\" data-id=\"67bd949\" data-element_type=\"widget\" data-e-type=\"widget\" data-widget_type=\"spacer.default\">\n\t\t\t\t<div class=\"elementor-widget-container\">\n\t\t\t\t\t\t\t<div class=\"elementor-spacer\">\n\t\t\t<div class=\"elementor-spacer-inner\"><\/div>\n\t\t<\/div>\n\t\t\t\t\t\t<\/div>\n\t\t\t\t<\/div>\n\t\t\t\t\t<\/div>\n\t\t<\/div>\n\t\t\t\t\t<\/div>\n\t\t<\/section>\n\t\t\t\t<section class=\"elementor-section elementor-top-section elementor-element elementor-element-2f2eb64 elementor-section-boxed elementor-section-height-default elementor-section-height-default elementor-invisible\" data-id=\"2f2eb64\" data-element_type=\"section\" data-e-type=\"section\" data-settings=\"{&quot;animation&quot;:&quot;fadeIn&quot;}\">\n\t\t\t\t\t\t<div class=\"elementor-container elementor-column-gap-default\">\n\t\t\t\t\t<div class=\"elementor-column elementor-col-100 elementor-top-column elementor-element elementor-element-4b1cd43\" data-id=\"4b1cd43\" data-element_type=\"column\" data-e-type=\"column\">\n\t\t\t<div class=\"elementor-widget-wrap elementor-element-populated\">\n\t\t\t\t\t\t<div class=\"elementor-element elementor-element-ebaf8eb elementor-widget elementor-widget-text-editor\" data-id=\"ebaf8eb\" data-element_type=\"widget\" data-e-type=\"widget\" data-widget_type=\"text-editor.default\">\n\t\t\t\t<div class=\"elementor-widget-container\">\n\t\t\t\t\t\t\t\t\t<p style=\"text-indent: 36.0pt;\"><span style=\"font-size: 18.6667px;\">A CHENNAI MYSTERY<\/span><\/p>\n<p style=\"text-indent: 36.0pt;\"><span style=\"font-size: 18.6667px;\">Tanuja Chandra, Sunday Express<\/span><\/p>\n<p style=\"text-indent: 36.0pt;\"><span style=\"font-size: 18.6667px;\">There is a novel by William Faulkner called The Sound and the Fury in which he narrated events through the experiences of different characters, Roshomon-like, moving from one mind to the next, one heart to the next. It resulted in a heart-breaking classic. Timeri N. Murari, which is by no means easy to pull off successfully.<\/span><\/p>\n<p style=\"text-indent: 36.0pt;\"><span style=\"font-size: 18.6667px;\">That is he uses the same method in his book \u2014 a style of structure, mind you interesting feature of The Arrangements of Love. After the initial impatience the reader might feel, and the occasional confusion, the voyeuristic feeling of travelling through four peoples\u2019 thoughts and emotions, is quite delicious.<\/span><\/p>\n<p style=\"text-indent: 36.0pt;\"><span style=\"font-size: 18.6667px;\">The story is an unusual mystery of sorts, which unfolds as a journey of a young American-born Indian, a writer of plays, who\u2019s looking for his estranged father in Chennai. It\u2019s the first time \u201cNikhil\/Nicky\u201d has stepped into India because his mother has raised him with the conviction that India has nothing that\u2019s not despicable in it. His father, like him is a writer, but one of great repute, who is still ravaged by the painful memories of his wife leaving him for his American friend; hell, he didn\u2019t even know he had a son! Nicky has hired a private detective to help him find his father \u2014 and is surprised to know it\u2019s a woman! She\u2019s convinced she\u2019s real good at her job, he\u2019s not. Expectedly they start feeling attracted to each other; the fact that she\u2019ll soon be having an \u201carranged engagement\u201d to an NRI notwithstanding unusual thing of all \u2014 a baby crocodile that the playwright finds in the bathtub of his hotel! It\u2019s bizarre and quite funny, and the twisted way in which the \u201cCroc block\u201d resolves itself is well-plotted. The different conflicts in the book: the father\u2019s hatred for his betraying wife, the \u201cAmerican\u201d playwright\u2019s disgust with corruption in India, not to mention pollution, the frustration of the female detective in a male-dominated profession \u2014 all these find a final resting place through the telling of the tale, as most of the prejudices that these people have start deteriorating. The characters rise above their weaknesses.<\/span><\/p>\n<p style=\"text-indent: 36.0pt;\"><span style=\"font-size: 18.6667px;\">And yet, maybe this should have been a shorter book. Maybe Murari should have stuck to the model by Faulkner and not gone back and forth between the minds of the characters so often. This causes repetition of events, which only at times is interesting. It\u2019s important for the author to know the limits of such a technique. Cliches have to be thrown out of the window and emotions must be deeply felt, otherwise the reader wonders: Why do I have to be inside four peoples\u2019 minds constantly even when it\u2019s not riveting?<\/span><\/p>\n<p style=\"text-indent: 36.0pt;\"><span style=\"font-size: 18.6667px;\">Faulkner had also used very different styles of \u201ctalking\u201d for each character, which powerfully evoked distinct personalities, effectively conveying the individual maelstrom in each heart. Yes, Murari is a clever user of words, but in language each character only marginally differs from another, despite the fact that they come from different continents, different generations. Painting each person in definite strokes right down to their lingo would have added lip-smacking salt to proceedings.<\/span><\/p>\n<p style=\"text-indent: 36.0pt;\"><span lang=\"EN-GB\" style=\"\"><span style=\"text-indent: 36pt; background-color: var(--g5-background-color); font-size: 18.6667px;\">And it\u2019s the salt that makes all the difference. A book like a film, I\u2019m learning, should not just be one which the reader is made to \u201cpass through\u201d. The book has to call him. It must invite him to peep in and then slowly but surely he must be irretrievably sucked into its whirlpool. He must be drowned in its churning waters and then thrown out, thoroughly drenched and \u201cbuzzing\u201d. A monumental task, no doubt, and Arrangements does that successfully.<\/span><span style=\"font-size: 14pt;\">&nbsp;<\/span><\/span><\/p>\n<p><span lang=\"EN-US\">-Murari uses the narratives of Nikhil, Apu, S.K. Naidu and Sushima to tell the story, and to beautifully juxtapose the Indian and American concepts of love and marriage. <i>The Arrangements of Love<\/i> is simple, human and a subtle exploration of feelings. It also delves deep into the lives of ordinary people to come out with extraordinary observations.&nbsp; At the end, what endures and reassures is love &#8212;&nbsp; across time, place and boundaries, and quite without any arrangement.&nbsp; DECCAN CHRONICLE.<\/span><span style=\"background-color: var(--g5-background-color); font-size: var(--g5-body-font-size); font-style: var(--g5-body-font-style);\">&nbsp;<\/span><\/p>\n<p><span lang=\"EN-US\">&#8211; The language and word usage is so different to what one is accustomed to reading that it adds a piquant flavour.&nbsp; The characters in the novel are quirky and their lives seem so complicated.&nbsp; Contemporary events like the 9\/11 bombings of the World Trade Centre are skillfully woven into the story. DECCAN HERALD.<\/span><span style=\"background-color: var(--g5-background-color); font-size: var(--g5-body-font-size); font-style: var(--g5-body-font-style);\">&nbsp;<\/span><\/p>\n<p><span lang=\"EN-US\">&#8211; What really keeps you going is a comedy of errors theme, a plot driven by interesting characters, all interconnected by the strange twist of destiny. A great read. FIRST CITY.<\/span><span style=\"background-color: var(--g5-background-color); font-size: var(--g5-body-font-size); font-style: var(--g5-body-font-style);\">&nbsp;<br><\/span><span style=\"background-color: var(--g5-background-color); font-size: var(--g5-body-font-size); font-style: var(--g5-body-font-style);\">&#8211; The comedy is nicely paced with multiple first person shifts and there is humour.&nbsp; INDIA TODAY.<\/span><\/p>\n<p><span lang=\"EN-US\">&nbsp;<\/span><\/p>\n<p style=\"margin-bottom: 6.0pt;\"><b><span lang=\"EN-GB\" style=\"font-size: 18.0pt;\">Le coeur entre deux mondes<\/span><\/b><\/p>\n<p style=\"margin-bottom: 6.0pt;\"><span lang=\"EN-GB\">A partir des themes de la famille et de l\u2019exil, de un roman enivrant sur I\u2019Inde d\u2019aujourd\u2019hui<\/span><\/p>\n<p style=\"margin-bottom: 6.0pt;\"><b><span lang=\"EN-GB\" style=\"font-size: 14.0pt;\">LES ARRANGEMENTS DE L\u2019AMOUR<\/span><\/b><\/p>\n<p style=\"margin-bottom: 6.0pt;\"><span lang=\"EN-GB\">De Timeri N. Murari<\/span><\/p>\n<p style=\"margin-bottom: 6.0pt;\"><span lang=\"EN-GB\">Traduit de L\u2019anglais (Inde) par Pierre Charras<\/span><\/p>\n<p style=\"margin-bottom: 6.0pt;\"><span lang=\"EN-GB\">Mercure de France 24 \u20ac<\/span><\/p>\n<p style=\"margin-bottom: 6.0pt;\"><span lang=\"EN-GB\">Il ne taut pas simplement lire <i>Les Arrangements de l\u2019amour<\/i> mais d\u2019abord lui preter l\u2019oreille. Comme on \u00e9coule un chant, dont la melodie nous est radicaleiment \u00e9trang\u00e8re. Comme on se laisse envelopper par une sid\u00e9rante m\u00e9lopee. Nous voil\u00e0 en Inde, du cote de Madras. Les rues exhalent ses effluves, ceux des bhajis et des dosas pr\u00ebpar\u00ebs dans quelque gargote et ses partums venus de la fraicheur des jardins ou s\u2019enhardit la fleur de Jasmin que les jeunes femmes aiment a porter au poignet. Un peu plus loin, a peine sorti de la ville, l\u2019horizon rosit sous le soleil qui darde ses rayons sur les champs de piments rouges, rivallsant avec l\u2019\u00e9clat des plantations de manguiers.<\/span><\/p>\n<p style=\"margin-bottom: 6.0pt;\"><span lang=\"EN-GB\">C\u2019est dans cet univers satur\u00e9 d\u2019odeurs et de couleurs que Nikhul, un jeune homme d\u2019ori- gine indienne n\u00e9 et \u00e9lev\u00e9 aux Etats-Unis d\u00e9barque un jour pour y chercher le pere qu\u2019il croyait mort. Une qu\u00eate racontee a quatre voix. Celle de Nikhil, le fils: celle de la mere, Susie, qui a \u00e9migr\u00e9 aux Etats-Unis, fuyant sa culture, reniant jusqu\u2019\u00e0 son propre pr\u00e9nom Indien; celle du p\u00e9re, reclus, inconsolable depuis le depart de Susie, qui ne sait plus ce qu\u2019amour veut dire et enfin celle d\u2019une jeune detective, Apu, la belle Indienne. Des voix qu se relaient les unes les autres, confessant leurs amours dans la secret de leur sollioque.<\/span><\/p>\n<p style=\"margin-bottom: 6.0pt;\"><span lang=\"EN-GB\">Cette qu du pere sert de pretext a Timeri N Murari pour s\u2019amuser a travers le personnage de Nikhui, a mettre en scene non pas le choc mais le frotterment de deux civilisations que ne s\u00e9parent pas seulement quelques milliers de kilom\u00e9tres. Une societe liberal face a une soci\u00e9t\u00e9 administree, le mariage d\u2019amour contre le mariage arrange, le rationnel contre la superstition&#8230; L\u2019affaire semble entendue. Et pourtant Timeri N. Murari consid\u00e8re ces deux mondes dans leur complexite, avec autant d\u2019agacements que de tendresse contenue.<\/span><\/p>\n<p style=\"margin-bottom: 6.0pt;\"><span lang=\"EN-GB\">FLORENCE<\/span><span lang=\"EN-GB\"> COURET, LA CROIX<\/span><\/p>\n<p style=\"margin-bottom: 6.0pt;\"><b><span lang=\"EN-GB\">COUP DE COEUR<\/span><\/b><\/p>\n<p style=\"margin-bottom: 6.0pt;\"><span lang=\"EN-GB\">&nbsp;MADRAS MON AMOUR<\/span><\/p>\n<p style=\"margin-bottom: 6.0pt;\"><span lang=\"EN-GB\">Qu\u2019il soit rarement a la hauteur de nos esp\u00e9rances, se fasse attendre, blesse ou transporte, on n\u2019\u00e9chappe pas a l\u2019amour. Les trois personnages de Timeri N. Murari, ex-joumaliste au &lt; Guardian et auteur du best-seller Taj &gt; se debattent entre raison et sentiments. Nikhil, metteur en scene indien elev\u00e9 a New York, pas vraiment remis de son recent divorce avec une actrice blonde, d\u00e9barque a Madras pour y chercher son p\u00e8re, un myst\u00e9rieux \u00e9crivain disparu de la circulation. Pour le retrouver, il fait appel a Apu, detective privee sexy et \u00e9mancip\u00e9e qui, apr\u00e8s la perte de son grand amour, a \u00e9pous\u00e9 le candidat ideal selon sa mere un riche Indien installe aux Etats-Unis et en qu\u00eate d\u2019une \u00e9pouse en sari. C\u2019est aussi cc dont parle l\u2019auteur; l\u2019oscillation perpetuelle de ses concitoyens entre modernit\u00e9 et tradition. On reve de culture am\u00e9ricaine et de liberte, mais on retoune au pays pour se chercher une \u00e9pouse (propos\u00e9e sur un plateau par les parents), on vit a Chicago ou a Houston, mais pas question de renoncer au principe de la dot (pourtant interdite en Inde !). A Madras, malgr\u00e9 so bonne volonte, le jeune auteur se sentira aussi paum\u00e9 que le crocodile qu\u2019il a frouv\u00e9 dans la baignoire de sa chambre d\u2019h\u00f4tel ! C\u2019est dr\u00f4le, grave et l\u00e9ger a la fois, comme l\u2019amour, parfois.&nbsp;&nbsp;&nbsp;&nbsp;&nbsp;&nbsp;&nbsp;&nbsp;&nbsp;&nbsp;&nbsp; TIFENN DIJCHATELLE, ELLE<\/span><\/p>\n<p style=\"margin-bottom: 6.0pt;\"><span lang=\"EN-GB\">&nbsp;<\/span><\/p>\t\t\t\t\t\t\t\t<\/div>\n\t\t\t\t<\/div>\n\t\t\t\t\t<\/div>\n\t\t<\/div>\n\t\t\t\t\t<\/div>\n\t\t<\/section>\n\t\t\t\t<\/div>\n\t\t","protected":false},"excerpt":{"rendered":"<p>THE ARRANGEMENTS OF LOVE 2004 (Penguin India, Mercure de France, France) Set like a medieval tapestry, this fantastic novel offers a rich petit point set with animals, people, trees, the [&hellip;]<\/p>\n","protected":false},"author":1,"featured_media":0,"parent":0,"menu_order":0,"comment_status":"closed","ping_status":"closed","template":"","meta":{"footnotes":""},"class_list":["post-3271","page","type-page","status-publish","hentry"],"_links":{"self":[{"href":"https:\/\/websprintersdemo.in\/blogs\/wp-json\/wp\/v2\/pages\/3271","targetHints":{"allow":["GET"]}}],"collection":[{"href":"https:\/\/websprintersdemo.in\/blogs\/wp-json\/wp\/v2\/pages"}],"about":[{"href":"https:\/\/websprintersdemo.in\/blogs\/wp-json\/wp\/v2\/types\/page"}],"author":[{"embeddable":true,"href":"https:\/\/websprintersdemo.in\/blogs\/wp-json\/wp\/v2\/users\/1"}],"replies":[{"embeddable":true,"href":"https:\/\/websprintersdemo.in\/blogs\/wp-json\/wp\/v2\/comments?post=3271"}],"version-history":[{"count":43,"href":"https:\/\/websprintersdemo.in\/blogs\/wp-json\/wp\/v2\/pages\/3271\/revisions"}],"predecessor-version":[{"id":5270,"href":"https:\/\/websprintersdemo.in\/blogs\/wp-json\/wp\/v2\/pages\/3271\/revisions\/5270"}],"wp:attachment":[{"href":"https:\/\/websprintersdemo.in\/blogs\/wp-json\/wp\/v2\/media?parent=3271"}],"curies":[{"name":"wp","href":"https:\/\/api.w.org\/{rel}","templated":true}]}}